{"id":10534,"date":"2025-05-29T14:25:44","date_gmt":"2025-05-29T14:25:44","guid":{"rendered":"https:\/\/boats.marine.ee\/sazinieties-ar\/"},"modified":"2025-12-12T17:07:22","modified_gmt":"2025-12-12T17:07:22","slug":"sazinieties-ar","status":"publish","type":"page","link":"https:\/\/boats.marine.ee\/lv\/sazinieties-ar\/","title":{"rendered":"Kontakti"},"content":{"rendered":"\t\t<div data-elementor-type=\"wp-page\" data-elementor-id=\"10534\" class=\"elementor elementor-10534 elementor-7680\" data-elementor-post-type=\"page\">\n\t\t\t\t<div class=\"elementor-element elementor-element-939d9f2 e-flex e-con-boxed e-con e-parent\" data-id=\"939d9f2\" data-element_type=\"container\" data-e-type=\"container\" data-settings=\"{&quot;background_background&quot;:&quot;classic&quot;}\">\n\t\t\t\t\t<div class=\"e-con-inner\">\n\t\t\t\t\t<\/div>\n\t\t\t\t<\/div>\n\t\t<div class=\"elementor-element elementor-element-74b43ee e-flex e-con-boxed e-con e-parent\" data-id=\"74b43ee\" data-element_type=\"container\" data-e-type=\"container\">\n\t\t\t\t\t<div class=\"e-con-inner\">\n\t\t<div class=\"elementor-element elementor-element-ac13e83 e-con-full e-flex e-con e-child\" data-id=\"ac13e83\" data-element_type=\"container\" data-e-type=\"container\">\n\t\t<div class=\"elementor-element elementor-element-d649461 e-grid e-con-full e-con e-child\" data-id=\"d649461\" data-element_type=\"container\" data-e-type=\"container\">\n\t\t<div class=\"elementor-element elementor-element-a995fe0 e-con-full e-flex e-con e-child\" data-id=\"a995fe0\" data-element_type=\"container\" data-e-type=\"container\">\n\t\t\t\t<div class=\"elementor-element elementor-element-e8cd13e elementor-widget elementor-widget-heading\" data-id=\"e8cd13e\" data-element_type=\"widget\" data-e-type=\"widget\" data-widget_type=\"heading.default\">\n\t\t\t\t<div class=\"elementor-widget-container\">\n\t\t\t\t\t<h2 class=\"elementor-heading-title elementor-size-default\">TALLINN<\/h2>\t\t\t\t<\/div>\n\t\t\t\t<\/div>\n\t\t\t\t<div class=\"elementor-element elementor-element-86a9797 elementor-widget elementor-widget-text-editor\" data-id=\"86a9797\" data-element_type=\"widget\" data-e-type=\"widget\" data-widget_type=\"text-editor.default\">\n\t\t\t\t<div class=\"elementor-widget-container\">\n\t\t\t\t\t\t\t\t\t<p><strong>TALLINN OFFICE<\/strong><br>\u00c4mma tee 70, Iru, Harju apgabals<br>Tel. +372 651 9644; +372 651 9664 <\/p><p><strong>Atv\u0113rts: 8.00-17.00<\/strong><\/p>\t\t\t\t\t\t\t\t<\/div>\n\t\t\t\t<\/div>\n\t\t\t\t<div class=\"elementor-element elementor-element-18476d9 elementor-widget elementor-widget-google_maps\" data-id=\"18476d9\" data-element_type=\"widget\" data-e-type=\"widget\" data-widget_type=\"google_maps.default\">\n\t\t\t\t<div class=\"elementor-widget-container\">\n\t\t\t\t\t\t\t<div class=\"elementor-custom-embed\">\n\t\t\t<iframe loading=\"lazy\"\n\t\t\t\t\tsrc=\"https:\/\/maps.google.com\/maps?q=%C3%84mma%20tee%2070%2C%20Iru&#038;t=m&#038;z=13&#038;output=embed&#038;iwloc=near\"\n\t\t\t\t\ttitle=\"\u00c4mma tee 70, Iru\"\n\t\t\t\t\taria-label=\"\u00c4mma tee 70, Iru\"\n\t\t\t><\/iframe>\n\t\t<\/div>\n\t\t\t\t\t\t<\/div>\n\t\t\t\t<\/div>\n\t\t\t\t<\/div>\n\t\t<div class=\"elementor-element elementor-element-5a21a39 e-con-full e-flex e-con e-child\" data-id=\"5a21a39\" data-element_type=\"container\" data-e-type=\"container\">\n\t\t\t\t<div class=\"elementor-element elementor-element-24b151a elementor-widget elementor-widget-heading\" data-id=\"24b151a\" data-element_type=\"widget\" data-e-type=\"widget\" data-widget_type=\"heading.default\">\n\t\t\t\t<div class=\"elementor-widget-container\">\n\t\t\t\t\t<h2 class=\"elementor-heading-title elementor-size-default\">TARTU<\/h2>\t\t\t\t<\/div>\n\t\t\t\t<\/div>\n\t\t\t\t<div class=\"elementor-element elementor-element-25e0f0b elementor-widget elementor-widget-text-editor\" data-id=\"25e0f0b\" data-element_type=\"widget\" data-e-type=\"widget\" data-widget_type=\"text-editor.default\">\n\t\t\t\t<div class=\"elementor-widget-container\">\n\t\t\t\t\t\t\t\t\t<p><strong>SHOWROOM TARTU<\/strong><br>V\u00f5ru tn. 162, Tartu<br>Tel.  +372 733 8911<\/p><p><strong>Atv\u0113rts: 8.00-17.00<\/strong><\/p>\t\t\t\t\t\t\t\t<\/div>\n\t\t\t\t<\/div>\n\t\t\t\t<div class=\"elementor-element elementor-element-ebe535d elementor-widget elementor-widget-google_maps\" data-id=\"ebe535d\" data-element_type=\"widget\" data-e-type=\"widget\" data-widget_type=\"google_maps.default\">\n\t\t\t\t<div class=\"elementor-widget-container\">\n\t\t\t\t\t\t\t<div class=\"elementor-custom-embed\">\n\t\t\t<iframe loading=\"lazy\"\n\t\t\t\t\tsrc=\"https:\/\/maps.google.com\/maps?q=V%C3%B5ru%20tn.%20162%2C%20tartu&#038;t=m&#038;z=13&#038;output=embed&#038;iwloc=near\"\n\t\t\t\t\ttitle=\"V\u00f5ru tn. 162, tartu\"\n\t\t\t\t\taria-label=\"V\u00f5ru tn. 162, tartu\"\n\t\t\t><\/iframe>\n\t\t<\/div>\n\t\t\t\t\t\t<\/div>\n\t\t\t\t<\/div>\n\t\t\t\t<\/div>\n\t\t<div class=\"elementor-element elementor-element-3d96019 e-con-full e-flex e-con e-child\" data-id=\"3d96019\" data-element_type=\"container\" data-e-type=\"container\">\n\t\t\t\t<div class=\"elementor-element elementor-element-fac1ddb elementor-widget elementor-widget-heading\" data-id=\"fac1ddb\" data-element_type=\"widget\" data-e-type=\"widget\" data-widget_type=\"heading.default\">\n\t\t\t\t<div class=\"elementor-widget-container\">\n\t\t\t\t\t<h2 class=\"elementor-heading-title elementor-size-default\">LATVIE\u0160U<\/h2>\t\t\t\t<\/div>\n\t\t\t\t<\/div>\n\t\t\t\t<div class=\"elementor-element elementor-element-8d40ea9 elementor-widget elementor-widget-text-editor\" data-id=\"8d40ea9\" data-element_type=\"widget\" data-e-type=\"widget\" data-widget_type=\"text-editor.default\">\n\t\t\t\t<div class=\"elementor-widget-container\">\n\t\t\t\t\t\t\t\t\t<p><strong>SHOWROOM IN LATVIE\u0160U<\/strong><br>Gun\u0101ra Astras iela 1C, R\u012bga, LV-1084 <br>Tel. +371 2933 3027<\/p><p><strong>Atv\u0113rts: 8.30-17.00<\/strong><\/p>\t\t\t\t\t\t\t\t<\/div>\n\t\t\t\t<\/div>\n\t\t\t\t<div class=\"elementor-element elementor-element-a41603a elementor-widget elementor-widget-google_maps\" data-id=\"a41603a\" data-element_type=\"widget\" data-e-type=\"widget\" data-widget_type=\"google_maps.default\">\n\t\t\t\t<div class=\"elementor-widget-container\">\n\t\t\t\t\t\t\t<div class=\"elementor-custom-embed\">\n\t\t\t<iframe loading=\"lazy\"\n\t\t\t\t\tsrc=\"https:\/\/maps.google.com\/maps?q=Gun%C4%81ra%20Astras%20iela%201C%2C%20R%C4%ABga&#038;t=m&#038;z=13&#038;output=embed&#038;iwloc=near\"\n\t\t\t\t\ttitle=\"Gun\u0101ra Astras iela 1C, R\u012bga\"\n\t\t\t\t\taria-label=\"Gun\u0101ra Astras iela 1C, R\u012bga\"\n\t\t\t><\/iframe>\n\t\t<\/div>\n\t\t\t\t\t\t<\/div>\n\t\t\t\t<\/div>\n\t\t\t\t<\/div>\n\t\t\t\t<\/div>\n\t\t<div class=\"elementor-element elementor-element-be826e1 e-con-full e-flex e-con e-child\" data-id=\"be826e1\" data-element_type=\"container\" data-e-type=\"container\">\n\t\t\t\t<\/div>\n\t\t\t\t<\/div>\n\t\t\t\t\t<\/div>\n\t\t\t\t<\/div>\n\t\t\t\t<\/div>\n\t\t","protected":false},"excerpt":{"rendered":"<p>TALLINN TALLINN OFFICE\u00c4mma tee 70, Iru, Harju apgabalsTel. +372 651 9644; +372 651 9664 Atv\u0113rts: 8.00-17.00 TARTU SHOWROOM TARTUV\u00f5ru tn. 162, TartuTel. +372 733 8911 Atv\u0113rts: 8.00-17.00 LATVIE\u0160U SHOWROOM IN LATVIE\u0160UGun\u0101ra Astras iela 1C, R\u012bga, LV-1084 Tel. +371 2933 3027 Atv\u0113rts: 8.30-17.00<\/p>\n","protected":false},"author":2,"featured_media":0,"parent":0,"menu_order":0,"comment_status":"closed","ping_status":"closed","template":"","meta":{"_acf_changed":false,"_monsterinsights_skip_tracking":false,"_monsterinsights_sitenote_active":false,"_monsterinsights_sitenote_note":"","_monsterinsights_sitenote_category":0,"footnotes":""},"class_list":["post-10534","page","type-page","status-publish","hentry"],"acf":[],"_links":{"self":[{"href":"https:\/\/boats.marine.ee\/lv\/wp-json\/wp\/v2\/pages\/10534","targetHints":{"allow":["GET"]}}],"collection":[{"href":"https:\/\/boats.marine.ee\/lv\/wp-json\/wp\/v2\/pages"}],"about":[{"href":"https:\/\/boats.marine.ee\/lv\/wp-json\/wp\/v2\/types\/page"}],"author":[{"embeddable":true,"href":"https:\/\/boats.marine.ee\/lv\/wp-json\/wp\/v2\/users\/2"}],"replies":[{"embeddable":true,"href":"https:\/\/boats.marine.ee\/lv\/wp-json\/wp\/v2\/comments?post=10534"}],"version-history":[{"count":4,"href":"https:\/\/boats.marine.ee\/lv\/wp-json\/wp\/v2\/pages\/10534\/revisions"}],"predecessor-version":[{"id":10539,"href":"https:\/\/boats.marine.ee\/lv\/wp-json\/wp\/v2\/pages\/10534\/revisions\/10539"}],"wp:attachment":[{"href":"https:\/\/boats.marine.ee\/lv\/wp-json\/wp\/v2\/media?parent=10534"}],"curies":[{"name":"wp","href":"https:\/\/api.w.org\/{rel}","templated":true}]}}